{"id":502,"date":"2024-08-06T13:52:06","date_gmt":"2024-08-06T10:52:06","guid":{"rendered":"https:\/\/tooros.vdisain.dev\/vuokraus-ja-kuljetus\/"},"modified":"2025-02-20T11:23:29","modified_gmt":"2025-02-20T09:23:29","slug":"vuokraus-ja-kuljetus","status":"publish","type":"page","link":"https:\/\/tooros.ee\/fi\/vuokraus-ja-kuljetus\/","title":{"rendered":"Vuokraus ja kuljetus"},"content":{"rendered":"\t\t<div data-elementor-type=\"wp-page\" data-elementor-id=\"502\" class=\"elementor elementor-502 elementor-82\" data-elementor-post-type=\"page\">\n\t\t\t\t\t\t<section class=\"elementor-section elementor-top-section elementor-element elementor-element-1efee3b elementor-section-height-min-height elementor-section-boxed elementor-section-height-default elementor-section-items-middle\" data-id=\"1efee3b\" data-element_type=\"section\" data-settings=\"{&quot;background_background&quot;:&quot;classic&quot;}\">\n\t\t\t\t\t\t\t<div class=\"elementor-background-overlay\"><\/div>\n\t\t\t\t\t\t\t<div class=\"elementor-container elementor-column-gap-default\">\n\t\t\t\t\t<div class=\"elementor-column elementor-col-100 elementor-top-column elementor-element elementor-element-a38a050\" data-id=\"a38a050\" data-element_type=\"column\">\n\t\t\t<div class=\"elementor-widget-wrap elementor-element-populated\">\n\t\t\t\t\t\t<div class=\"elementor-element elementor-element-bd62840 elementor-invisible elementor-widget elementor-widget-heading\" data-id=\"bd62840\" data-element_type=\"widget\" data-settings=\"{&quot;_animation&quot;:&quot;fadeInDown&quot;}\" data-widget_type=\"heading.default\">\n\t\t\t\t<div class=\"elementor-widget-container\">\n\t\t\t\t\t<h1 class=\"elementor-heading-title elementor-size-default\">Vuokraus ja kuljetus<\/h1>\t\t\t\t<\/div>\n\t\t\t\t<\/div>\n\t\t\t\t\t<\/div>\n\t\t<\/div>\n\t\t\t\t\t<\/div>\n\t\t<\/section>\n\t\t<div class=\"elementor-element elementor-element-3c1d043 e-flex e-con-boxed e-con e-parent\" data-id=\"3c1d043\" data-element_type=\"container\">\n\t\t\t\t\t<div class=\"e-con-inner\">\n\t\t<div class=\"elementor-element elementor-element-0434dc7 e-con-full e-flex e-con e-child\" data-id=\"0434dc7\" data-element_type=\"container\">\n\t\t\t\t<div class=\"elementor-element elementor-element-a108d83 elementor-widget elementor-widget-heading\" data-id=\"a108d83\" data-element_type=\"widget\" data-widget_type=\"heading.default\">\n\t\t\t\t<div class=\"elementor-widget-container\">\n\t\t\t\t\t<h2 class=\"elementor-heading-title elementor-size-default\">Kuorma-auto<\/h2>\t\t\t\t<\/div>\n\t\t\t\t<\/div>\n\t\t\t\t<div class=\"elementor-element elementor-element-a748792 elementor-widget elementor-widget-text-editor\" data-id=\"a748792\" data-element_type=\"widget\" data-widget_type=\"text-editor.default\">\n\t\t\t\t<div class=\"elementor-widget-container\">\n\t\t\t\t\t\t\t\t\t<div class=\"ql-block\" style=\"direction: ltr;\" data-block-id=\"block-23356b6c-109a-461b-a19d-d8f631de16c3\">Ajoneuvokohtainen kilometrikorvaus 1,5 \u20ac + KM<\/div>\n<div class=\"ql-block\" style=\"direction: ltr;\" data-block-id=\"block-260650e0-ca2f-4c96-be03-f2008becdaaf\">Nostotunti, odotustunti 50 \u20ac \/ h + alv.<\/div>\n\t\t\t\t\t\t\t\t<\/div>\n\t\t\t\t<\/div>\n\t\t\t\t<div class=\"elementor-element elementor-element-a78dc75 elementor-widget elementor-widget-heading\" data-id=\"a78dc75\" data-element_type=\"widget\" data-widget_type=\"heading.default\">\n\t\t\t\t<div class=\"elementor-widget-container\">\n\t\t\t\t\t<h6 class=\"elementor-heading-title elementor-size-default\">Priit +37255672000<\/h6>\t\t\t\t<\/div>\n\t\t\t\t<\/div>\n\t\t\t\t<\/div>\n\t\t<div class=\"elementor-element elementor-element-60a512b e-con-full e-flex e-con e-child\" data-id=\"60a512b\" data-element_type=\"container\">\n\t\t\t\t<div class=\"elementor-element elementor-element-7aaea28 elementor-widget elementor-widget-image\" data-id=\"7aaea28\" data-element_type=\"widget\" data-widget_type=\"image.default\">\n\t\t\t\t<div class=\"elementor-widget-container\">\n\t\t\t\t\t\t\t\t\t\t\t\t\t\t\t<img fetchpriority=\"high\" decoding=\"async\" width=\"800\" height=\"600\" src=\"https:\/\/tooros.ee\/wp-content\/uploads\/2024\/12\/272423246_511963553618739_4136766218821196558_n-1024x768.jpg\" class=\"attachment-large size-large wp-image-489\" alt=\"mercedes\" srcset=\"https:\/\/tooros.ee\/wp-content\/uploads\/2024\/12\/272423246_511963553618739_4136766218821196558_n-1024x768.jpg 1024w, https:\/\/tooros.ee\/wp-content\/uploads\/2024\/12\/272423246_511963553618739_4136766218821196558_n-300x225.jpg 300w, https:\/\/tooros.ee\/wp-content\/uploads\/2024\/12\/272423246_511963553618739_4136766218821196558_n-768x576.jpg 768w, https:\/\/tooros.ee\/wp-content\/uploads\/2024\/12\/272423246_511963553618739_4136766218821196558_n.jpg 1355w\" sizes=\"(max-width: 800px) 100vw, 800px\" \/>\t\t\t\t\t\t\t\t\t\t\t\t\t\t\t<\/div>\n\t\t\t\t<\/div>\n\t\t\t\t<\/div>\n\t\t\t\t\t<\/div>\n\t\t\t\t<\/div>\n\t\t<div class=\"elementor-element elementor-element-74c8abc e-flex e-con-boxed e-con e-parent\" data-id=\"74c8abc\" data-element_type=\"container\">\n\t\t\t\t\t<div class=\"e-con-inner\">\n\t\t<div class=\"elementor-element elementor-element-8fe23ea e-con-full e-flex e-con e-child\" data-id=\"8fe23ea\" data-element_type=\"container\">\n\t\t\t\t<div class=\"elementor-element elementor-element-09e4f3e elementor-widget elementor-widget-heading\" data-id=\"09e4f3e\" data-element_type=\"widget\" data-widget_type=\"heading.default\">\n\t\t\t\t<div class=\"elementor-widget-container\">\n\t\t\t\t\t<h2 class=\"elementor-heading-title elementor-size-default\">Minikaivinkone<\/h2>\t\t\t\t<\/div>\n\t\t\t\t<\/div>\n\t\t\t\t<div class=\"elementor-element elementor-element-5f0687b elementor-widget elementor-widget-text-editor\" data-id=\"5f0687b\" data-element_type=\"widget\" data-widget_type=\"text-editor.default\">\n\t\t\t\t<div class=\"elementor-widget-container\">\n\t\t\t\t\t\t\t\t\t<div class=\"ql-block\" style=\"direction: ltr;\" data-block-id=\"block-23356b6c-109a-461b-a19d-d8f631de16c3\">\n<div class=\"ql-block\" data-block-id=\"block-137c4cc4-ac9c-4367-a207-cacc4dd68ccc\">P\u00e4iv\u00e4korvaus (8 h) 100 \u20ac + k\u00e4ytetty polttoaine, lis\u00e4t\u00e4\u00e4n alv.<\/div>\n<div class=\"ql-block\" data-block-id=\"block-8c1dfe4d-a6c0-4b4f-ab7c-f6ee0896cb15\">Konevuokraus kuljettajineen 30 \u20ac \/ h + alv <\/div>\n<\/div>\n\t\t\t\t\t\t\t\t<\/div>\n\t\t\t\t<\/div>\n\t\t\t\t<div class=\"elementor-element elementor-element-829dea6 elementor-widget elementor-widget-heading\" data-id=\"829dea6\" data-element_type=\"widget\" data-widget_type=\"heading.default\">\n\t\t\t\t<div class=\"elementor-widget-container\">\n\t\t\t\t\t<h6 class=\"elementor-heading-title elementor-size-default\">Priit +37255672000<\/h6>\t\t\t\t<\/div>\n\t\t\t\t<\/div>\n\t\t\t\t<\/div>\n\t\t<div class=\"elementor-element elementor-element-fb0b115 e-con-full e-flex e-con e-child\" data-id=\"fb0b115\" data-element_type=\"container\">\n\t\t\t\t<div class=\"elementor-element elementor-element-2f6f551 elementor-widget elementor-widget-image\" data-id=\"2f6f551\" data-element_type=\"widget\" data-widget_type=\"image.default\">\n\t\t\t\t<div class=\"elementor-widget-container\">\n\t\t\t\t\t\t\t\t\t\t\t\t\t\t\t<img decoding=\"async\" width=\"774\" height=\"581\" src=\"https:\/\/tooros.ee\/wp-content\/uploads\/2024\/12\/95845046_192095968938834_5746703732817526784_n.jpg\" class=\"attachment-large size-large wp-image-488\" alt=\"mini\" srcset=\"https:\/\/tooros.ee\/wp-content\/uploads\/2024\/12\/95845046_192095968938834_5746703732817526784_n.jpg 774w, https:\/\/tooros.ee\/wp-content\/uploads\/2024\/12\/95845046_192095968938834_5746703732817526784_n-300x225.jpg 300w, https:\/\/tooros.ee\/wp-content\/uploads\/2024\/12\/95845046_192095968938834_5746703732817526784_n-768x576.jpg 768w\" sizes=\"(max-width: 774px) 100vw, 774px\" \/>\t\t\t\t\t\t\t\t\t\t\t\t\t\t\t<\/div>\n\t\t\t\t<\/div>\n\t\t\t\t<\/div>\n\t\t\t\t\t<\/div>\n\t\t\t\t<\/div>\n\t\t<div class=\"elementor-element elementor-element-ca29282 e-flex e-con-boxed e-con e-parent\" data-id=\"ca29282\" data-element_type=\"container\">\n\t\t\t\t\t<div class=\"e-con-inner\">\n\t\t<div class=\"elementor-element elementor-element-b1c8631 e-con-full e-flex e-con e-child\" data-id=\"b1c8631\" data-element_type=\"container\">\n\t\t\t\t<div class=\"elementor-element elementor-element-5e23864 elementor-widget elementor-widget-heading\" data-id=\"5e23864\" data-element_type=\"widget\" data-widget_type=\"heading.default\">\n\t\t\t\t<div class=\"elementor-widget-container\">\n\t\t\t\t\t<h2 class=\"elementor-heading-title elementor-size-default\">Py\u00f6r\u00e4kuormaaja<\/h2>\t\t\t\t<\/div>\n\t\t\t\t<\/div>\n\t\t\t\t<div class=\"elementor-element elementor-element-6844ad0 elementor-widget elementor-widget-text-editor\" data-id=\"6844ad0\" data-element_type=\"widget\" data-widget_type=\"text-editor.default\">\n\t\t\t\t<div class=\"elementor-widget-container\">\n\t\t\t\t\t\t\t\t\t<div class=\"ql-block\" style=\"direction: ltr;\" data-block-id=\"block-23356b6c-109a-461b-a19d-d8f631de16c3\">\n<div class=\"ql-block\" data-block-id=\"block-a2b36fab-934c-4172-bc76-5444c3eafc6f\">P\u00e4iv\u00e4korvaus (8 h) 100 \u20ac + k\u00e4ytetty polttoaine, lis\u00e4t\u00e4\u00e4n alv.<\/div>\n<div class=\"ql-block\" data-block-id=\"block-7bbe4690-04e4-4fc0-9ef9-1a0146f1ece0\">Konevuokraus kuljettajineen 30 \u20ac \/ h + alv <\/div>\n<\/div>\n\t\t\t\t\t\t\t\t<\/div>\n\t\t\t\t<\/div>\n\t\t\t\t<div class=\"elementor-element elementor-element-b813316 elementor-widget elementor-widget-heading\" data-id=\"b813316\" data-element_type=\"widget\" data-widget_type=\"heading.default\">\n\t\t\t\t<div class=\"elementor-widget-container\">\n\t\t\t\t\t<h6 class=\"elementor-heading-title elementor-size-default\">Priit +37255672000<\/h6>\t\t\t\t<\/div>\n\t\t\t\t<\/div>\n\t\t\t\t<\/div>\n\t\t<div class=\"elementor-element elementor-element-f502b18 e-con-full e-flex e-con e-child\" data-id=\"f502b18\" data-element_type=\"container\">\n\t\t\t\t<div class=\"elementor-element elementor-element-5eeb7f8 elementor-widget elementor-widget-image\" data-id=\"5eeb7f8\" data-element_type=\"widget\" data-widget_type=\"image.default\">\n\t\t\t\t<div class=\"elementor-widget-container\">\n\t\t\t\t\t\t\t\t\t\t\t\t\t\t\t<img decoding=\"async\" width=\"768\" height=\"1024\" src=\"https:\/\/tooros.ee\/wp-content\/uploads\/2024\/12\/119061407_224752355673195_2990896418299425318_n-768x1024.jpg\" class=\"attachment-large size-large wp-image-487\" alt=\"yellow tractor\" srcset=\"https:\/\/tooros.ee\/wp-content\/uploads\/2024\/12\/119061407_224752355673195_2990896418299425318_n-768x1024.jpg 768w, https:\/\/tooros.ee\/wp-content\/uploads\/2024\/12\/119061407_224752355673195_2990896418299425318_n-225x300.jpg 225w, https:\/\/tooros.ee\/wp-content\/uploads\/2024\/12\/119061407_224752355673195_2990896418299425318_n-1152x1536.jpg 1152w, https:\/\/tooros.ee\/wp-content\/uploads\/2024\/12\/119061407_224752355673195_2990896418299425318_n.jpg 1536w\" sizes=\"(max-width: 768px) 100vw, 768px\" \/>\t\t\t\t\t\t\t\t\t\t\t\t\t\t\t<\/div>\n\t\t\t\t<\/div>\n\t\t\t\t<\/div>\n\t\t\t\t\t<\/div>\n\t\t\t\t<\/div>\n\t\t<div class=\"elementor-element elementor-element-56d2161 e-flex e-con-boxed e-con e-parent\" data-id=\"56d2161\" data-element_type=\"container\">\n\t\t\t\t\t<div class=\"e-con-inner\">\n\t\t\t\t<div class=\"elementor-element elementor-element-3d92bad elementor-widget elementor-widget-heading\" data-id=\"3d92bad\" data-element_type=\"widget\" data-widget_type=\"heading.default\">\n\t\t\t\t<div class=\"elementor-widget-container\">\n\t\t\t\t\t<h2 class=\"elementor-heading-title elementor-size-default\">Koneet<\/h2>\t\t\t\t<\/div>\n\t\t\t\t<\/div>\n\t\t\t\t<div class=\"elementor-element elementor-element-fffe932 elementor-widget elementor-widget-text-editor\" data-id=\"fffe932\" data-element_type=\"widget\" data-widget_type=\"text-editor.default\">\n\t\t\t\t<div class=\"elementor-widget-container\">\n\t\t\t\t\t\t\t\t\t<div class=\"ql-block\" data-block-id=\"block-5f0bf2dd-450d-408b-97e7-514f5400d8d7\">Mercedez-Benz Actros 2540  <\/div>\n<div class=\"ql-block\" data-block-id=\"block-fd79b0a1-f02d-4654-b987-c6186a916709\">Monik\u00e4ytt\u00f6inen 6&#215;2-koukkutrukki, jossa on vetoj\u00e4rjestelm\u00e4 ja jossa on my\u00f6s pienempi HMF-nosturi. Ajoneuvossa on lava, jossa on hydraulinen luiska, jonka kaltevuus on s\u00e4\u00e4dett\u00e4viss\u00e4 selk\u00e4nojasta k\u00e4sin, ja eritt\u00e4in monenlaisia sovelluksia laitteiden\/materiaalien kuljettamiseen lis\u00e4laitteilla. Voidaan kuljettaa autoista traktoreihin, pensaista villapaketteihin, kivilaatoista salaojaputkiin. Yleisesti ottaen yli 13 tonnin kuljettaminen on laitonta, joten en haluaisi olla tekemisiss\u00e4 jalkav\u00e4en taisteluajoneuvojen kanssa.<\/div>\n<div class=\"ql-block\" data-block-id=\"block-48e34062-6c5a-4678-aff9-51f31201444f\"> <\/div>\n<div class=\"ql-block\" data-block-id=\"block-38fd6c93-1140-42b8-8e50-fa6b9529936c\">BOBCAT 320 MINIKAIVINKONE  <\/div>\n<div class=\"ql-block\" data-block-id=\"block-7911dff7-fd1f-40a0-97c1-07f69a568254\">Ihanteellinen apulainen silloin, kun lapiolla on paljon teht\u00e4v\u00e4\u00e4 mutta isolla kaivurilla ei paljon. Yll\u00e4tt\u00e4v\u00e4n hyv\u00e4 suorituskyky, eik\u00e4 uppoa ohjaamoon, ellet ty\u00f6skentele suolla. Kolme erilaista kauhaa &#8211; kaapelikauha (30 cm), kaivantokauha (60 cm), litte\u00e4 kauha (80 cm). Etupuolella on ter\u00e4, jonka avulla koiperhosten aiheuttamat vauriot on helppo oikaista, ja nuoli voidaan k\u00e4\u00e4nt\u00e4\u00e4 ohjaamon vasemmalle tai oikealle puolelle, mik\u00e4 antaa sinulle etuly\u00f6ntiaseman ahtaissa paikoissa. Kaiken kaikkiaan loistava ty\u00f6kalu puutarhaan, mutta ei pelk\u00e4\u00e4 kovempiakaan haasteita.  <\/div>\n<div class=\"ql-block\" data-block-id=\"block-94239f0f-6d4c-44f1-881c-293cc4bc7cb7\"> <\/div>\n<div class=\"ql-block\" data-block-id=\"block-ecc44f0c-4bbb-40b4-879b-cf0f74354bdc\">BOBCAT 645 PY\u00d6R\u00c4KUORMAAJA<\/div>\n<div class=\"ql-block\" data-block-id=\"block-ce914799-050b-4d8b-b6cf-01a1bb28b739\">Nelipy\u00f6r\u00e4inen s\u00e4ili\u00f6 &#8211; erityisesti. Uskomattoman tehokas ja helppok\u00e4ytt\u00f6inen kone materiaalien suunnitteluun\/levitt\u00e4miseen\/poistamiseen ahtaista tiloista. Sit\u00e4 ei suositella mullan kuorimiseen, koska painojakauma on positiivisesti vinoutunut takap\u00e4\u00e4h\u00e4n, mutta se on ihanteellinen v\u00e4line kuoritun mullan t\u00e4ytt\u00e4miseen jollain kauniilla esineell\u00e4.<\/div>\n\t\t\t\t\t\t\t\t<\/div>\n\t\t\t\t<\/div>\n\t\t\t\t\t<\/div>\n\t\t\t\t<\/div>\n\t\t\t\t<\/div>\n\t\t","protected":false},"excerpt":{"rendered":"<p>Vuokraus ja kuljetus Kuorma-auto Ajoneuvokohtainen kilometrikorvaus 1,5 \u20ac + KM Nostotunti, odotustunti 50 \u20ac \/ h + alv. Priit +37255672000 Minikaivinkone P\u00e4iv\u00e4korvaus (8 h) 100 \u20ac + k\u00e4ytetty polttoaine, lis\u00e4t\u00e4\u00e4n alv. Konevuokraus kuljettajineen 30 \u20ac \/ h + alv Priit +37255672000 Py\u00f6r\u00e4kuormaaja P\u00e4iv\u00e4korvaus (8 h) 100 \u20ac + k\u00e4ytetty polttoaine, lis\u00e4t\u00e4\u00e4n alv. Konevuokraus kuljettajineen 30 [&hellip;]<\/p>\n","protected":false},"author":1,"featured_media":0,"parent":0,"menu_order":0,"comment_status":"closed","ping_status":"closed","template":"elementor_header_footer","meta":{"inline_featured_image":false,"footnotes":""},"class_list":["post-502","page","type-page","status-publish","hentry"],"yoast_head":"<!-- This site is optimized with the Yoast SEO plugin v24.3 - https:\/\/yoast.com\/wordpress\/plugins\/seo\/ -->\n<title>Vuokraus ja kuljetus - Tooros<\/title>\n<meta name=\"description\" content=\"Koneet\" \/>\n<meta name=\"robots\" content=\"index, follow, max-snippet:-1, max-image-preview:large, max-video-preview:-1\" \/>\n<link rel=\"canonical\" href=\"https:\/\/tooros.ee\/fi\/vuokraus-ja-kuljetus\/\" \/>\n<meta property=\"og:locale\" content=\"fi_FI\" \/>\n<meta property=\"og:type\" content=\"article\" \/>\n<meta property=\"og:title\" content=\"Vuokraus ja kuljetus - Tooros\" \/>\n<meta property=\"og:description\" content=\"Koneet\" \/>\n<meta property=\"og:url\" content=\"https:\/\/tooros.ee\/fi\/vuokraus-ja-kuljetus\/\" \/>\n<meta property=\"og:site_name\" content=\"Tooros\" \/>\n<meta property=\"article:modified_time\" content=\"2025-02-20T09:23:29+00:00\" \/>\n<meta property=\"og:image\" content=\"https:\/\/tooros.ee\/wp-content\/uploads\/2024\/12\/272423246_511963553618739_4136766218821196558_n.jpg\" \/>\n\t<meta property=\"og:image:width\" content=\"1355\" \/>\n\t<meta property=\"og:image:height\" content=\"1016\" \/>\n\t<meta property=\"og:image:type\" content=\"image\/jpeg\" \/>\n<meta name=\"twitter:card\" content=\"summary_large_image\" \/>\n<meta name=\"twitter:label1\" content=\"Arvioitu lukuaika\" \/>\n\t<meta name=\"twitter:data1\" content=\"3 minuuttia\" \/>\n<script type=\"application\/ld+json\" class=\"yoast-schema-graph\">{\"@context\":\"https:\/\/schema.org\",\"@graph\":[{\"@type\":\"WebPage\",\"@id\":\"https:\/\/tooros.ee\/fi\/vuokraus-ja-kuljetus\/\",\"url\":\"https:\/\/tooros.ee\/fi\/vuokraus-ja-kuljetus\/\",\"name\":\"Vuokraus ja kuljetus - Tooros\",\"isPartOf\":{\"@id\":\"https:\/\/tooros.ee\/fi\/#website\"},\"primaryImageOfPage\":{\"@id\":\"https:\/\/tooros.ee\/fi\/vuokraus-ja-kuljetus\/#primaryimage\"},\"image\":{\"@id\":\"https:\/\/tooros.ee\/fi\/vuokraus-ja-kuljetus\/#primaryimage\"},\"thumbnailUrl\":\"https:\/\/tooros.ee\/wp-content\/uploads\/2024\/12\/272423246_511963553618739_4136766218821196558_n-1024x768.jpg\",\"datePublished\":\"2024-08-06T10:52:06+00:00\",\"dateModified\":\"2025-02-20T09:23:29+00:00\",\"description\":\"Koneet\",\"breadcrumb\":{\"@id\":\"https:\/\/tooros.ee\/fi\/vuokraus-ja-kuljetus\/#breadcrumb\"},\"inLanguage\":\"fi\",\"potentialAction\":[{\"@type\":\"ReadAction\",\"target\":[\"https:\/\/tooros.ee\/fi\/vuokraus-ja-kuljetus\/\"]}]},{\"@type\":\"ImageObject\",\"inLanguage\":\"fi\",\"@id\":\"https:\/\/tooros.ee\/fi\/vuokraus-ja-kuljetus\/#primaryimage\",\"url\":\"https:\/\/tooros.ee\/wp-content\/uploads\/2024\/12\/272423246_511963553618739_4136766218821196558_n-1024x768.jpg\",\"contentUrl\":\"https:\/\/tooros.ee\/wp-content\/uploads\/2024\/12\/272423246_511963553618739_4136766218821196558_n-1024x768.jpg\"},{\"@type\":\"BreadcrumbList\",\"@id\":\"https:\/\/tooros.ee\/fi\/vuokraus-ja-kuljetus\/#breadcrumb\",\"itemListElement\":[{\"@type\":\"ListItem\",\"position\":1,\"name\":\"Home\",\"item\":\"https:\/\/tooros.ee\/fi\/kotisivu\/\"},{\"@type\":\"ListItem\",\"position\":2,\"name\":\"Vuokraus ja kuljetus\"}]},{\"@type\":\"WebSite\",\"@id\":\"https:\/\/tooros.ee\/fi\/#website\",\"url\":\"https:\/\/tooros.ee\/fi\/\",\"name\":\"Tooros\",\"description\":\"\",\"publisher\":{\"@id\":\"https:\/\/tooros.ee\/fi\/#organization\"},\"potentialAction\":[{\"@type\":\"SearchAction\",\"target\":{\"@type\":\"EntryPoint\",\"urlTemplate\":\"https:\/\/tooros.ee\/fi\/?s={search_term_string}\"},\"query-input\":{\"@type\":\"PropertyValueSpecification\",\"valueRequired\":true,\"valueName\":\"search_term_string\"}}],\"inLanguage\":\"fi\"},{\"@type\":\"Organization\",\"@id\":\"https:\/\/tooros.ee\/fi\/#organization\",\"name\":\"Tooros\",\"url\":\"https:\/\/tooros.ee\/fi\/\",\"logo\":{\"@type\":\"ImageObject\",\"inLanguage\":\"fi\",\"@id\":\"https:\/\/tooros.ee\/fi\/#\/schema\/logo\/image\/\",\"url\":\"https:\/\/tooros.ee\/wp-content\/uploads\/2024\/08\/Tooros-suurem-labipaistev.png\",\"contentUrl\":\"https:\/\/tooros.ee\/wp-content\/uploads\/2024\/08\/Tooros-suurem-labipaistev.png\",\"width\":1920,\"height\":401,\"caption\":\"Tooros\"},\"image\":{\"@id\":\"https:\/\/tooros.ee\/fi\/#\/schema\/logo\/image\/\"}}]}<\/script>\n<!-- \/ Yoast SEO plugin. -->","yoast_head_json":{"title":"Vuokraus ja kuljetus - Tooros","description":"Koneet","robots":{"index":"index","follow":"follow","max-snippet":"max-snippet:-1","max-image-preview":"max-image-preview:large","max-video-preview":"max-video-preview:-1"},"canonical":"https:\/\/tooros.ee\/fi\/vuokraus-ja-kuljetus\/","og_locale":"fi_FI","og_type":"article","og_title":"Vuokraus ja kuljetus - Tooros","og_description":"Koneet","og_url":"https:\/\/tooros.ee\/fi\/vuokraus-ja-kuljetus\/","og_site_name":"Tooros","article_modified_time":"2025-02-20T09:23:29+00:00","og_image":[{"width":1355,"height":1016,"url":"https:\/\/tooros.ee\/wp-content\/uploads\/2024\/12\/272423246_511963553618739_4136766218821196558_n.jpg","type":"image\/jpeg"}],"twitter_card":"summary_large_image","twitter_misc":{"Arvioitu lukuaika":"3 minuuttia"},"schema":{"@context":"https:\/\/schema.org","@graph":[{"@type":"WebPage","@id":"https:\/\/tooros.ee\/fi\/vuokraus-ja-kuljetus\/","url":"https:\/\/tooros.ee\/fi\/vuokraus-ja-kuljetus\/","name":"Vuokraus ja kuljetus - Tooros","isPartOf":{"@id":"https:\/\/tooros.ee\/fi\/#website"},"primaryImageOfPage":{"@id":"https:\/\/tooros.ee\/fi\/vuokraus-ja-kuljetus\/#primaryimage"},"image":{"@id":"https:\/\/tooros.ee\/fi\/vuokraus-ja-kuljetus\/#primaryimage"},"thumbnailUrl":"https:\/\/tooros.ee\/wp-content\/uploads\/2024\/12\/272423246_511963553618739_4136766218821196558_n-1024x768.jpg","datePublished":"2024-08-06T10:52:06+00:00","dateModified":"2025-02-20T09:23:29+00:00","description":"Koneet","breadcrumb":{"@id":"https:\/\/tooros.ee\/fi\/vuokraus-ja-kuljetus\/#breadcrumb"},"inLanguage":"fi","potentialAction":[{"@type":"ReadAction","target":["https:\/\/tooros.ee\/fi\/vuokraus-ja-kuljetus\/"]}]},{"@type":"ImageObject","inLanguage":"fi","@id":"https:\/\/tooros.ee\/fi\/vuokraus-ja-kuljetus\/#primaryimage","url":"https:\/\/tooros.ee\/wp-content\/uploads\/2024\/12\/272423246_511963553618739_4136766218821196558_n-1024x768.jpg","contentUrl":"https:\/\/tooros.ee\/wp-content\/uploads\/2024\/12\/272423246_511963553618739_4136766218821196558_n-1024x768.jpg"},{"@type":"BreadcrumbList","@id":"https:\/\/tooros.ee\/fi\/vuokraus-ja-kuljetus\/#breadcrumb","itemListElement":[{"@type":"ListItem","position":1,"name":"Home","item":"https:\/\/tooros.ee\/fi\/kotisivu\/"},{"@type":"ListItem","position":2,"name":"Vuokraus ja kuljetus"}]},{"@type":"WebSite","@id":"https:\/\/tooros.ee\/fi\/#website","url":"https:\/\/tooros.ee\/fi\/","name":"Tooros","description":"","publisher":{"@id":"https:\/\/tooros.ee\/fi\/#organization"},"potentialAction":[{"@type":"SearchAction","target":{"@type":"EntryPoint","urlTemplate":"https:\/\/tooros.ee\/fi\/?s={search_term_string}"},"query-input":{"@type":"PropertyValueSpecification","valueRequired":true,"valueName":"search_term_string"}}],"inLanguage":"fi"},{"@type":"Organization","@id":"https:\/\/tooros.ee\/fi\/#organization","name":"Tooros","url":"https:\/\/tooros.ee\/fi\/","logo":{"@type":"ImageObject","inLanguage":"fi","@id":"https:\/\/tooros.ee\/fi\/#\/schema\/logo\/image\/","url":"https:\/\/tooros.ee\/wp-content\/uploads\/2024\/08\/Tooros-suurem-labipaistev.png","contentUrl":"https:\/\/tooros.ee\/wp-content\/uploads\/2024\/08\/Tooros-suurem-labipaistev.png","width":1920,"height":401,"caption":"Tooros"},"image":{"@id":"https:\/\/tooros.ee\/fi\/#\/schema\/logo\/image\/"}}]}},"_links":{"self":[{"href":"https:\/\/tooros.ee\/fi\/wp-json\/wp\/v2\/pages\/502","targetHints":{"allow":["GET"]}}],"collection":[{"href":"https:\/\/tooros.ee\/fi\/wp-json\/wp\/v2\/pages"}],"about":[{"href":"https:\/\/tooros.ee\/fi\/wp-json\/wp\/v2\/types\/page"}],"author":[{"embeddable":true,"href":"https:\/\/tooros.ee\/fi\/wp-json\/wp\/v2\/users\/1"}],"replies":[{"embeddable":true,"href":"https:\/\/tooros.ee\/fi\/wp-json\/wp\/v2\/comments?post=502"}],"version-history":[{"count":5,"href":"https:\/\/tooros.ee\/fi\/wp-json\/wp\/v2\/pages\/502\/revisions"}],"predecessor-version":[{"id":767,"href":"https:\/\/tooros.ee\/fi\/wp-json\/wp\/v2\/pages\/502\/revisions\/767"}],"wp:attachment":[{"href":"https:\/\/tooros.ee\/fi\/wp-json\/wp\/v2\/media?parent=502"}],"curies":[{"name":"wp","href":"https:\/\/api.w.org\/{rel}","templated":true}]}}