{"id":496,"date":"2024-08-06T13:53:37","date_gmt":"2024-08-06T10:53:37","guid":{"rendered":"https:\/\/tooros.vdisain.dev\/rakennuskoneiden-materiaalien-myynti\/"},"modified":"2025-01-30T12:36:57","modified_gmt":"2025-01-30T10:36:57","slug":"rakennuskoneiden-materiaalien-myynti","status":"publish","type":"page","link":"https:\/\/tooros.ee\/fi\/rakennuskoneiden-materiaalien-myynti\/","title":{"rendered":"Rakennuskoneiden\/materiaalien myynti"},"content":{"rendered":"\t\t<div data-elementor-type=\"wp-page\" data-elementor-id=\"496\" class=\"elementor elementor-496 elementor-88\" data-elementor-post-type=\"page\">\n\t\t\t\t\t\t<section class=\"elementor-section elementor-top-section elementor-element elementor-element-bf12269 elementor-section-height-min-height elementor-section-boxed elementor-section-height-default elementor-section-items-middle\" data-id=\"bf12269\" data-element_type=\"section\" data-settings=\"{&quot;background_background&quot;:&quot;classic&quot;}\">\n\t\t\t\t\t\t\t<div class=\"elementor-background-overlay\"><\/div>\n\t\t\t\t\t\t\t<div class=\"elementor-container elementor-column-gap-default\">\n\t\t\t\t\t<div class=\"elementor-column elementor-col-100 elementor-top-column elementor-element elementor-element-b806b67\" data-id=\"b806b67\" data-element_type=\"column\">\n\t\t\t<div class=\"elementor-widget-wrap elementor-element-populated\">\n\t\t\t\t\t\t<div class=\"elementor-element elementor-element-fb2021f elementor-invisible elementor-widget elementor-widget-heading\" data-id=\"fb2021f\" data-element_type=\"widget\" data-settings=\"{&quot;_animation&quot;:&quot;fadeInDown&quot;}\" data-widget_type=\"heading.default\">\n\t\t\t\t<div class=\"elementor-widget-container\">\n\t\t\t\t\t<h1 class=\"elementor-heading-title elementor-size-default\">Rakennuskoneiden myynti<\/h1>\t\t\t\t<\/div>\n\t\t\t\t<\/div>\n\t\t\t\t\t<\/div>\n\t\t<\/div>\n\t\t\t\t\t<\/div>\n\t\t<\/section>\n\t\t<div class=\"elementor-element elementor-element-8bc2f5f e-flex e-con-boxed e-con e-parent\" data-id=\"8bc2f5f\" data-element_type=\"container\">\n\t\t\t\t\t<div class=\"e-con-inner\">\n\t\t<div class=\"elementor-element elementor-element-760185c e-con-full e-flex e-con e-child\" data-id=\"760185c\" data-element_type=\"container\">\n\t\t\t\t<div class=\"elementor-element elementor-element-85c012f elementor-grid-3 elementor-grid-tablet-2 elementor-grid-mobile-1 elementor-widget elementor-widget-loop-grid\" data-id=\"85c012f\" data-element_type=\"widget\" data-settings=\"{&quot;template_id&quot;:516,&quot;_skin&quot;:&quot;post&quot;,&quot;columns&quot;:&quot;3&quot;,&quot;columns_tablet&quot;:&quot;2&quot;,&quot;columns_mobile&quot;:&quot;1&quot;,&quot;edit_handle_selector&quot;:&quot;[data-elementor-type=\\&quot;loop-item\\&quot;]&quot;,&quot;row_gap&quot;:{&quot;unit&quot;:&quot;px&quot;,&quot;size&quot;:&quot;&quot;,&quot;sizes&quot;:[]},&quot;row_gap_tablet&quot;:{&quot;unit&quot;:&quot;px&quot;,&quot;size&quot;:&quot;&quot;,&quot;sizes&quot;:[]},&quot;row_gap_mobile&quot;:{&quot;unit&quot;:&quot;px&quot;,&quot;size&quot;:&quot;&quot;,&quot;sizes&quot;:[]}}\" data-widget_type=\"loop-grid.post\">\n\t\t\t\t<div class=\"elementor-widget-container\">\n\t\t\t\t\t\t\t<div class=\"elementor-loop-container elementor-grid\">\n\t\t<style id=\"loop-516\">.elementor-516 .elementor-element.elementor-element-68056d3{--display:flex;--flex-direction:column;--container-widget-width:100%;--container-widget-height:initial;--container-widget-flex-grow:0;--container-widget-align-self:initial;--flex-wrap-mobile:wrap;border-style:solid;--border-style:solid;border-width:1px 1px 1px 1px;--border-top-width:1px;--border-right-width:1px;--border-bottom-width:1px;--border-left-width:1px;border-color:#E5E5E5;--border-color:#E5E5E5;}.elementor-516 .elementor-element.elementor-element-63bff2e{--display:flex;}<\/style>\t\t<div data-elementor-type=\"loop-item\" data-elementor-id=\"516\" class=\"elementor elementor-516 elementor-376 e-loop-item e-loop-item-500 post-500 post type-post status-publish format-standard has-post-thumbnail hentry category-uncategorized-fi\" data-elementor-post-type=\"elementor_library\" data-custom-edit-handle=\"1\">\n\t\t\t<div class=\"elementor-element elementor-element-68056d3 e-flex e-con-boxed e-con e-parent\" data-id=\"68056d3\" data-element_type=\"container\">\n\t\t\t\t\t<div class=\"e-con-inner\">\n\t\t<div class=\"elementor-element elementor-element-63bff2e e-con-full e-flex e-con e-child\" data-id=\"63bff2e\" data-element_type=\"container\">\n\t\t\t\t<div class=\"elementor-element elementor-element-bb38456 elementor-widget elementor-widget-theme-post-featured-image elementor-widget-image\" data-id=\"bb38456\" data-element_type=\"widget\" data-widget_type=\"theme-post-featured-image.default\">\n\t\t\t\t<div class=\"elementor-widget-container\">\n\t\t\t\t\t\t\t\t\t\t\t\t\t\t\t\t<a href=\"https:\/\/tooros.ee\/fi\/2024\/10\/31\/myytavana-esine-sahkokeskus-zsf6363a\/\">\n\t\t\t\t\t\t\t<img fetchpriority=\"high\" decoding=\"async\" width=\"800\" height=\"450\" src=\"https:\/\/tooros.ee\/wp-content\/uploads\/2024\/10\/IMG-20240904-WA0003-1024x576.jpg\" class=\"attachment-large size-large wp-image-482\" alt=\"generator 2\" srcset=\"https:\/\/tooros.ee\/wp-content\/uploads\/2024\/10\/IMG-20240904-WA0003-1024x576.jpg 1024w, https:\/\/tooros.ee\/wp-content\/uploads\/2024\/10\/IMG-20240904-WA0003-300x169.jpg 300w, https:\/\/tooros.ee\/wp-content\/uploads\/2024\/10\/IMG-20240904-WA0003-768x432.jpg 768w, https:\/\/tooros.ee\/wp-content\/uploads\/2024\/10\/IMG-20240904-WA0003-1536x864.jpg 1536w, https:\/\/tooros.ee\/wp-content\/uploads\/2024\/10\/IMG-20240904-WA0003-2048x1152.jpg 2048w\" sizes=\"(max-width: 800px) 100vw, 800px\" \/>\t\t\t\t\t\t\t\t<\/a>\n\t\t\t\t\t\t\t\t\t\t\t\t\t\t\t<\/div>\n\t\t\t\t<\/div>\n\t\t\t\t<div class=\"elementor-element elementor-element-f560865 elementor-widget elementor-widget-theme-post-title elementor-page-title elementor-widget-heading\" data-id=\"f560865\" data-element_type=\"widget\" data-widget_type=\"theme-post-title.default\">\n\t\t\t\t<div class=\"elementor-widget-container\">\n\t\t\t\t\t<h5 class=\"elementor-heading-title elementor-size-default\"><a href=\"https:\/\/tooros.ee\/fi\/2024\/10\/31\/myytavana-esine-sahkokeskus-zsf6363a\/\">Myyd\u00e4\u00e4n rakennusmaan uudenveroinen s\u00e4hk\u00f6paneeli zsf63 (63A)<\/a><\/h5>\t\t\t\t<\/div>\n\t\t\t\t<\/div>\n\t\t\t\t<\/div>\n\t\t\t\t\t<\/div>\n\t\t\t\t<\/div>\n\t\t\t\t<\/div>\n\t\t\t\t<\/div>\n\t\t\n\t\t\t\t\t\t<\/div>\n\t\t\t\t<\/div>\n\t\t\t\t<\/div>\n\t\t\t\t\t<\/div>\n\t\t\t\t<\/div>\n\t\t\t\t<\/div>\n\t\t","protected":false},"excerpt":{"rendered":"<p>Rakennuskoneiden myynti<\/p>\n","protected":false},"author":1,"featured_media":0,"parent":0,"menu_order":0,"comment_status":"closed","ping_status":"closed","template":"elementor_header_footer","meta":{"inline_featured_image":false,"footnotes":""},"class_list":["post-496","page","type-page","status-publish","hentry"],"yoast_head":"<!-- This site is optimized with the Yoast SEO plugin v24.3 - https:\/\/yoast.com\/wordpress\/plugins\/seo\/ -->\n<title>Rakennuskoneiden\/materiaalien myynti - Tooros<\/title>\n<meta name=\"description\" content=\"Rakennuskoneiden myynti\" \/>\n<meta name=\"robots\" content=\"index, follow, max-snippet:-1, max-image-preview:large, max-video-preview:-1\" \/>\n<link rel=\"canonical\" href=\"https:\/\/tooros.ee\/fi\/rakennuskoneiden-materiaalien-myynti\/\" \/>\n<meta property=\"og:locale\" content=\"fi_FI\" \/>\n<meta property=\"og:type\" content=\"article\" \/>\n<meta property=\"og:title\" content=\"Rakennuskoneiden\/materiaalien myynti - Tooros\" \/>\n<meta property=\"og:description\" content=\"Rakennuskoneiden myynti\" \/>\n<meta property=\"og:url\" content=\"https:\/\/tooros.ee\/fi\/rakennuskoneiden-materiaalien-myynti\/\" \/>\n<meta property=\"og:site_name\" content=\"Tooros\" \/>\n<meta property=\"article:modified_time\" content=\"2025-01-30T10:36:57+00:00\" \/>\n<meta property=\"og:image\" content=\"https:\/\/tooros.ee\/wp-content\/uploads\/2024\/10\/android-chrome-512x512-1.png\" \/>\n\t<meta property=\"og:image:width\" content=\"512\" \/>\n\t<meta property=\"og:image:height\" content=\"512\" \/>\n\t<meta property=\"og:image:type\" content=\"image\/png\" \/>\n<meta name=\"twitter:card\" content=\"summary_large_image\" \/>\n<script type=\"application\/ld+json\" class=\"yoast-schema-graph\">{\"@context\":\"https:\/\/schema.org\",\"@graph\":[{\"@type\":\"WebPage\",\"@id\":\"https:\/\/tooros.ee\/fi\/rakennuskoneiden-materiaalien-myynti\/\",\"url\":\"https:\/\/tooros.ee\/fi\/rakennuskoneiden-materiaalien-myynti\/\",\"name\":\"Rakennuskoneiden\/materiaalien myynti - Tooros\",\"isPartOf\":{\"@id\":\"https:\/\/tooros.ee\/fi\/#website\"},\"datePublished\":\"2024-08-06T10:53:37+00:00\",\"dateModified\":\"2025-01-30T10:36:57+00:00\",\"description\":\"Rakennuskoneiden myynti\",\"breadcrumb\":{\"@id\":\"https:\/\/tooros.ee\/fi\/rakennuskoneiden-materiaalien-myynti\/#breadcrumb\"},\"inLanguage\":\"fi\",\"potentialAction\":[{\"@type\":\"ReadAction\",\"target\":[\"https:\/\/tooros.ee\/fi\/rakennuskoneiden-materiaalien-myynti\/\"]}]},{\"@type\":\"BreadcrumbList\",\"@id\":\"https:\/\/tooros.ee\/fi\/rakennuskoneiden-materiaalien-myynti\/#breadcrumb\",\"itemListElement\":[{\"@type\":\"ListItem\",\"position\":1,\"name\":\"Home\",\"item\":\"https:\/\/tooros.ee\/fi\/kotisivu\/\"},{\"@type\":\"ListItem\",\"position\":2,\"name\":\"Rakennuskoneiden\/materiaalien myynti\"}]},{\"@type\":\"WebSite\",\"@id\":\"https:\/\/tooros.ee\/fi\/#website\",\"url\":\"https:\/\/tooros.ee\/fi\/\",\"name\":\"Tooros\",\"description\":\"\",\"publisher\":{\"@id\":\"https:\/\/tooros.ee\/fi\/#organization\"},\"potentialAction\":[{\"@type\":\"SearchAction\",\"target\":{\"@type\":\"EntryPoint\",\"urlTemplate\":\"https:\/\/tooros.ee\/fi\/?s={search_term_string}\"},\"query-input\":{\"@type\":\"PropertyValueSpecification\",\"valueRequired\":true,\"valueName\":\"search_term_string\"}}],\"inLanguage\":\"fi\"},{\"@type\":\"Organization\",\"@id\":\"https:\/\/tooros.ee\/fi\/#organization\",\"name\":\"Tooros\",\"url\":\"https:\/\/tooros.ee\/fi\/\",\"logo\":{\"@type\":\"ImageObject\",\"inLanguage\":\"fi\",\"@id\":\"https:\/\/tooros.ee\/fi\/#\/schema\/logo\/image\/\",\"url\":\"https:\/\/tooros.ee\/wp-content\/uploads\/2024\/08\/Tooros-suurem-labipaistev.png\",\"contentUrl\":\"https:\/\/tooros.ee\/wp-content\/uploads\/2024\/08\/Tooros-suurem-labipaistev.png\",\"width\":1920,\"height\":401,\"caption\":\"Tooros\"},\"image\":{\"@id\":\"https:\/\/tooros.ee\/fi\/#\/schema\/logo\/image\/\"}}]}<\/script>\n<!-- \/ Yoast SEO plugin. -->","yoast_head_json":{"title":"Rakennuskoneiden\/materiaalien myynti - Tooros","description":"Rakennuskoneiden myynti","robots":{"index":"index","follow":"follow","max-snippet":"max-snippet:-1","max-image-preview":"max-image-preview:large","max-video-preview":"max-video-preview:-1"},"canonical":"https:\/\/tooros.ee\/fi\/rakennuskoneiden-materiaalien-myynti\/","og_locale":"fi_FI","og_type":"article","og_title":"Rakennuskoneiden\/materiaalien myynti - Tooros","og_description":"Rakennuskoneiden myynti","og_url":"https:\/\/tooros.ee\/fi\/rakennuskoneiden-materiaalien-myynti\/","og_site_name":"Tooros","article_modified_time":"2025-01-30T10:36:57+00:00","og_image":[{"width":512,"height":512,"url":"https:\/\/tooros.ee\/wp-content\/uploads\/2024\/10\/android-chrome-512x512-1.png","type":"image\/png"}],"twitter_card":"summary_large_image","schema":{"@context":"https:\/\/schema.org","@graph":[{"@type":"WebPage","@id":"https:\/\/tooros.ee\/fi\/rakennuskoneiden-materiaalien-myynti\/","url":"https:\/\/tooros.ee\/fi\/rakennuskoneiden-materiaalien-myynti\/","name":"Rakennuskoneiden\/materiaalien myynti - Tooros","isPartOf":{"@id":"https:\/\/tooros.ee\/fi\/#website"},"datePublished":"2024-08-06T10:53:37+00:00","dateModified":"2025-01-30T10:36:57+00:00","description":"Rakennuskoneiden myynti","breadcrumb":{"@id":"https:\/\/tooros.ee\/fi\/rakennuskoneiden-materiaalien-myynti\/#breadcrumb"},"inLanguage":"fi","potentialAction":[{"@type":"ReadAction","target":["https:\/\/tooros.ee\/fi\/rakennuskoneiden-materiaalien-myynti\/"]}]},{"@type":"BreadcrumbList","@id":"https:\/\/tooros.ee\/fi\/rakennuskoneiden-materiaalien-myynti\/#breadcrumb","itemListElement":[{"@type":"ListItem","position":1,"name":"Home","item":"https:\/\/tooros.ee\/fi\/kotisivu\/"},{"@type":"ListItem","position":2,"name":"Rakennuskoneiden\/materiaalien myynti"}]},{"@type":"WebSite","@id":"https:\/\/tooros.ee\/fi\/#website","url":"https:\/\/tooros.ee\/fi\/","name":"Tooros","description":"","publisher":{"@id":"https:\/\/tooros.ee\/fi\/#organization"},"potentialAction":[{"@type":"SearchAction","target":{"@type":"EntryPoint","urlTemplate":"https:\/\/tooros.ee\/fi\/?s={search_term_string}"},"query-input":{"@type":"PropertyValueSpecification","valueRequired":true,"valueName":"search_term_string"}}],"inLanguage":"fi"},{"@type":"Organization","@id":"https:\/\/tooros.ee\/fi\/#organization","name":"Tooros","url":"https:\/\/tooros.ee\/fi\/","logo":{"@type":"ImageObject","inLanguage":"fi","@id":"https:\/\/tooros.ee\/fi\/#\/schema\/logo\/image\/","url":"https:\/\/tooros.ee\/wp-content\/uploads\/2024\/08\/Tooros-suurem-labipaistev.png","contentUrl":"https:\/\/tooros.ee\/wp-content\/uploads\/2024\/08\/Tooros-suurem-labipaistev.png","width":1920,"height":401,"caption":"Tooros"},"image":{"@id":"https:\/\/tooros.ee\/fi\/#\/schema\/logo\/image\/"}}]}},"_links":{"self":[{"href":"https:\/\/tooros.ee\/fi\/wp-json\/wp\/v2\/pages\/496","targetHints":{"allow":["GET"]}}],"collection":[{"href":"https:\/\/tooros.ee\/fi\/wp-json\/wp\/v2\/pages"}],"about":[{"href":"https:\/\/tooros.ee\/fi\/wp-json\/wp\/v2\/types\/page"}],"author":[{"embeddable":true,"href":"https:\/\/tooros.ee\/fi\/wp-json\/wp\/v2\/users\/1"}],"replies":[{"embeddable":true,"href":"https:\/\/tooros.ee\/fi\/wp-json\/wp\/v2\/comments?post=496"}],"version-history":[{"count":1,"href":"https:\/\/tooros.ee\/fi\/wp-json\/wp\/v2\/pages\/496\/revisions"}],"predecessor-version":[{"id":499,"href":"https:\/\/tooros.ee\/fi\/wp-json\/wp\/v2\/pages\/496\/revisions\/499"}],"wp:attachment":[{"href":"https:\/\/tooros.ee\/fi\/wp-json\/wp\/v2\/media?parent=496"}],"curies":[{"name":"wp","href":"https:\/\/api.w.org\/{rel}","templated":true}]}}