{"id":495,"date":"2024-08-06T13:50:25","date_gmt":"2024-08-06T10:50:25","guid":{"rendered":"https:\/\/tooros.vdisain.dev\/rakennuspalvelut\/"},"modified":"2025-01-30T12:36:32","modified_gmt":"2025-01-30T10:36:32","slug":"rakennuspalvelut","status":"publish","type":"page","link":"https:\/\/tooros.ee\/fi\/rakennuspalvelut\/","title":{"rendered":"Rakennuspalvelut"},"content":{"rendered":"\t\t<div data-elementor-type=\"wp-page\" data-elementor-id=\"495\" class=\"elementor elementor-495 elementor-80\" data-elementor-post-type=\"page\">\n\t\t\t\t\t\t<section class=\"elementor-section elementor-top-section elementor-element elementor-element-181ae38d elementor-section-height-min-height elementor-section-boxed elementor-section-height-default elementor-section-items-middle\" data-id=\"181ae38d\" data-element_type=\"section\" data-settings=\"{&quot;background_background&quot;:&quot;classic&quot;}\">\n\t\t\t\t\t\t\t<div class=\"elementor-background-overlay\"><\/div>\n\t\t\t\t\t\t\t<div class=\"elementor-container elementor-column-gap-default\">\n\t\t\t\t\t<div class=\"elementor-column elementor-col-100 elementor-top-column elementor-element elementor-element-314d6aad\" data-id=\"314d6aad\" data-element_type=\"column\">\n\t\t\t<div class=\"elementor-widget-wrap elementor-element-populated\">\n\t\t\t\t\t\t<div class=\"elementor-element elementor-element-45f6d49a elementor-invisible elementor-widget elementor-widget-heading\" data-id=\"45f6d49a\" data-element_type=\"widget\" data-settings=\"{&quot;_animation&quot;:&quot;fadeInDown&quot;}\" data-widget_type=\"heading.default\">\n\t\t\t\t<div class=\"elementor-widget-container\">\n\t\t\t\t\t<h1 class=\"elementor-heading-title elementor-size-default\">Rakennuspalvelut<\/h1>\t\t\t\t<\/div>\n\t\t\t\t<\/div>\n\t\t\t\t\t<\/div>\n\t\t<\/div>\n\t\t\t\t\t<\/div>\n\t\t<\/section>\n\t\t\t\t<section class=\"elementor-section elementor-top-section elementor-element elementor-element-3fe4fd23 elementor-section-boxed elementor-section-height-default elementor-section-height-default\" data-id=\"3fe4fd23\" data-element_type=\"section\">\n\t\t\t\t\t\t<div class=\"elementor-container elementor-column-gap-default\">\n\t\t\t\t\t<div class=\"elementor-column elementor-col-100 elementor-top-column elementor-element elementor-element-13936d68\" data-id=\"13936d68\" data-element_type=\"column\">\n\t\t\t<div class=\"elementor-widget-wrap elementor-element-populated\">\n\t\t\t\t\t\t<div class=\"elementor-element elementor-element-4ac866e3 elementor-widget elementor-widget-text-editor\" data-id=\"4ac866e3\" data-element_type=\"widget\" data-widget_type=\"text-editor.default\">\n\t\t\t\t<div class=\"elementor-widget-container\">\n\t\t\t\t\t\t\t\t\t<p>Tarjoamme kattavia ratkaisuja monenlaisiin rakennushankkeisiin. Kokeneet ammattilaisemme voivat auttaa sinua rakennusprosessin kaikissa vaiheissa, suunnittelusta lopulliseen rakentamiseen ja viimeistelyyn. Tarjoamme monenlaisia palveluja, kuten talonrakentamista, kunnostusta, julkisivut\u00f6it\u00e4, kattojen uusimista ja paljon muuta. K\u00e4yt\u00e4mme vain korkealaatuisia materiaaleja ja noudatamme tiukasti kaikkia rakennusm\u00e4\u00e4r\u00e4yksi\u00e4 ja -standardeja, mik\u00e4 takaa ty\u00f6n kest\u00e4vyyden ja turvallisuuden. L\u00e4hestymme jokaista hanketta yksil\u00f6llisesti ottaen huomioon asiakkaidemme toiveet ja tarpeet. Olemme sitoutuneet noudattamaan m\u00e4\u00e4r\u00e4aikoja ja budjetteja samalla kun toimitamme korkealaatuista ty\u00f6t\u00e4. Valitse meid\u00e4t luotettavaksi rakennuskumppaniksesi ja nauti sujuvasta rakennusprosessista.<\/p>\n\t\t\t\t\t\t\t\t<\/div>\n\t\t\t\t<\/div>\n\t\t\t\t\t<\/div>\n\t\t<\/div>\n\t\t\t\t\t<\/div>\n\t\t<\/section>\n\t\t\t\t<section class=\"elementor-section elementor-top-section elementor-element elementor-element-b9a1ee4 elementor-section-boxed elementor-section-height-default elementor-section-height-default\" data-id=\"b9a1ee4\" data-element_type=\"section\" data-settings=\"{&quot;background_background&quot;:&quot;classic&quot;}\">\n\t\t\t\t\t\t\t<div class=\"elementor-background-overlay\"><\/div>\n\t\t\t\t\t\t\t<div class=\"elementor-container elementor-column-gap-default\">\n\t\t\t\t\t<div class=\"elementor-column elementor-col-50 elementor-top-column elementor-element elementor-element-6cb643a\" data-id=\"6cb643a\" data-element_type=\"column\">\n\t\t\t<div class=\"elementor-widget-wrap elementor-element-populated\">\n\t\t\t\t\t\t<div class=\"elementor-element elementor-element-353a81c elementor-widget elementor-widget-heading\" data-id=\"353a81c\" data-element_type=\"widget\" data-widget_type=\"heading.default\">\n\t\t\t\t<div class=\"elementor-widget-container\">\n\t\t\t\t\t<h2 class=\"elementor-heading-title elementor-size-default\">Haluatko tiet\u00e4\u00e4 lis\u00e4\u00e4?<\/h2>\t\t\t\t<\/div>\n\t\t\t\t<\/div>\n\t\t\t\t\t<\/div>\n\t\t<\/div>\n\t\t\t\t<div class=\"elementor-column elementor-col-50 elementor-top-column elementor-element elementor-element-fc3ffd4\" data-id=\"fc3ffd4\" data-element_type=\"column\" data-settings=\"{&quot;animation&quot;:&quot;none&quot;}\">\n\t\t\t<div class=\"elementor-widget-wrap elementor-element-populated\">\n\t\t\t\t\t\t<div class=\"elementor-element elementor-element-78cf3f6 elementor-widget__width-initial premium-floating-effects-yes elementor-align-center elementor-invisible elementor-widget elementor-widget-elementskit-button\" data-id=\"78cf3f6\" data-element_type=\"widget\" data-settings=\"{&quot;premium_fe_translate_switcher&quot;:&quot;yes&quot;,&quot;premium_fe_Xtranslate&quot;:{&quot;unit&quot;:&quot;px&quot;,&quot;size&quot;:&quot;&quot;,&quot;sizes&quot;:{&quot;from&quot;:0,&quot;to&quot;:0}},&quot;premium_fe_Ytranslate&quot;:{&quot;unit&quot;:&quot;px&quot;,&quot;size&quot;:&quot;&quot;,&quot;sizes&quot;:{&quot;from&quot;:-12,&quot;to&quot;:12}},&quot;premium_fe_trans_duration&quot;:{&quot;unit&quot;:&quot;px&quot;,&quot;size&quot;:2000,&quot;sizes&quot;:[]},&quot;_animation&quot;:&quot;fadeInUp&quot;,&quot;premium_fe_Xtranslate_tablet&quot;:{&quot;unit&quot;:&quot;px&quot;,&quot;size&quot;:&quot;&quot;,&quot;sizes&quot;:[]},&quot;premium_fe_Xtranslate_mobile&quot;:{&quot;unit&quot;:&quot;px&quot;,&quot;size&quot;:&quot;&quot;,&quot;sizes&quot;:[]},&quot;premium_fe_Ytranslate_tablet&quot;:{&quot;unit&quot;:&quot;px&quot;,&quot;size&quot;:&quot;&quot;,&quot;sizes&quot;:[]},&quot;premium_fe_Ytranslate_mobile&quot;:{&quot;unit&quot;:&quot;px&quot;,&quot;size&quot;:&quot;&quot;,&quot;sizes&quot;:[]},&quot;premium_fe_trans_delay&quot;:{&quot;unit&quot;:&quot;px&quot;,&quot;size&quot;:&quot;&quot;,&quot;sizes&quot;:[]},&quot;premium_fe_direction&quot;:&quot;alternate&quot;,&quot;premium_fe_loop&quot;:&quot;default&quot;,&quot;premium_fe_easing&quot;:&quot;easeInOutSine&quot;}\" data-widget_type=\"elementskit-button.default\">\n\t\t\t\t<div class=\"elementor-widget-container\">\n\t\t\t\t\t<div class=\"ekit-wid-con\" >\t\t<div class=\"ekit-btn-wraper\">\n\t\t\t\t\t\t\t<a href=\"https:\/\/tooros.ee\/kontakt\/\" class=\"elementskit-btn  whitespace--normal\" id=\"\">\n\t\t\t\t\tOta yhteytt\u00e4<svg class=\"e-font-icon-svg e-fas-arrow-right\" viewBox=\"0 0 448 512\" xmlns=\"http:\/\/www.w3.org\/2000\/svg\"><path d=\"M190.5 66.9l22.2-22.2c9.4-9.4 24.6-9.4 33.9 0L441 239c9.4 9.4 9.4 24.6 0 33.9L246.6 467.3c-9.4 9.4-24.6 9.4-33.9 0l-22.2-22.2c-9.5-9.5-9.3-25 .4-34.3L311.4 296H24c-13.3 0-24-10.7-24-24v-32c0-13.3 10.7-24 24-24h287.4L190.9 101.2c-9.8-9.3-10-24.8-.4-34.3z\"><\/path><\/svg>\t\t\t\t<\/a>\n\t\t\t\t\t<\/div>\n        <\/div>\t\t\t\t<\/div>\n\t\t\t\t<\/div>\n\t\t\t\t\t<\/div>\n\t\t<\/div>\n\t\t\t\t\t<\/div>\n\t\t<\/section>\n\t\t\t\t<\/div>\n\t\t","protected":false},"excerpt":{"rendered":"<p>Rakennuspalvelut Tarjoamme kattavia ratkaisuja monenlaisiin rakennushankkeisiin. Kokeneet ammattilaisemme voivat auttaa sinua rakennusprosessin kaikissa vaiheissa, suunnittelusta lopulliseen rakentamiseen ja viimeistelyyn. Tarjoamme monenlaisia palveluja, kuten talonrakentamista, kunnostusta, julkisivut\u00f6it\u00e4, kattojen uusimista ja paljon muuta. K\u00e4yt\u00e4mme vain korkealaatuisia materiaaleja ja noudatamme tiukasti kaikkia rakennusm\u00e4\u00e4r\u00e4yksi\u00e4 ja -standardeja, mik\u00e4 takaa ty\u00f6n kest\u00e4vyyden ja turvallisuuden. L\u00e4hestymme jokaista hanketta yksil\u00f6llisesti ottaen huomioon asiakkaidemme [&hellip;]<\/p>\n","protected":false},"author":1,"featured_media":0,"parent":0,"menu_order":0,"comment_status":"closed","ping_status":"closed","template":"elementor_header_footer","meta":{"inline_featured_image":false,"footnotes":""},"class_list":["post-495","page","type-page","status-publish","hentry"],"yoast_head":"<!-- This site is optimized with the Yoast SEO plugin v24.3 - https:\/\/yoast.com\/wordpress\/plugins\/seo\/ -->\n<title>Rakennuspalvelut - Tooros<\/title>\n<meta name=\"description\" content=\"Tarjoamme kattavia ratkaisuja monenlaisiin rakennushankkeisiin. Kokeneet ammattilaisemme voivat auttaa sinua rakennusprosessin kaikissa vaiheissa, suunnittelusta lopulliseen rakentamiseen ja viimeistelyyn. Tarjoamme monenlaisia palveluja, kuten talonrakentamista, kunnostusta, julkisivut\u00f6it\u00e4, kattojen uusimista ja paljon muuta.\" \/>\n<meta name=\"robots\" content=\"index, follow, max-snippet:-1, max-image-preview:large, max-video-preview:-1\" \/>\n<link rel=\"canonical\" href=\"https:\/\/tooros.ee\/fi\/rakennuspalvelut\/\" \/>\n<meta property=\"og:locale\" content=\"fi_FI\" \/>\n<meta property=\"og:type\" content=\"article\" \/>\n<meta property=\"og:title\" content=\"Rakennuspalvelut - Tooros\" \/>\n<meta property=\"og:description\" content=\"Tarjoamme kattavia ratkaisuja monenlaisiin rakennushankkeisiin. Kokeneet ammattilaisemme voivat auttaa sinua rakennusprosessin kaikissa vaiheissa, suunnittelusta lopulliseen rakentamiseen ja viimeistelyyn. Tarjoamme monenlaisia palveluja, kuten talonrakentamista, kunnostusta, julkisivut\u00f6it\u00e4, kattojen uusimista ja paljon muuta.\" \/>\n<meta property=\"og:url\" content=\"https:\/\/tooros.ee\/fi\/rakennuspalvelut\/\" \/>\n<meta property=\"og:site_name\" content=\"Tooros\" \/>\n<meta property=\"article:modified_time\" content=\"2025-01-30T10:36:32+00:00\" \/>\n<meta property=\"og:image\" content=\"https:\/\/tooros.ee\/wp-content\/uploads\/2024\/10\/android-chrome-512x512-1.png\" \/>\n\t<meta property=\"og:image:width\" content=\"512\" \/>\n\t<meta property=\"og:image:height\" content=\"512\" \/>\n\t<meta property=\"og:image:type\" content=\"image\/png\" \/>\n<meta name=\"twitter:card\" content=\"summary_large_image\" \/>\n<script type=\"application\/ld+json\" class=\"yoast-schema-graph\">{\"@context\":\"https:\/\/schema.org\",\"@graph\":[{\"@type\":\"WebPage\",\"@id\":\"https:\/\/tooros.ee\/fi\/rakennuspalvelut\/\",\"url\":\"https:\/\/tooros.ee\/fi\/rakennuspalvelut\/\",\"name\":\"Rakennuspalvelut - Tooros\",\"isPartOf\":{\"@id\":\"https:\/\/tooros.ee\/fi\/#website\"},\"datePublished\":\"2024-08-06T10:50:25+00:00\",\"dateModified\":\"2025-01-30T10:36:32+00:00\",\"description\":\"Tarjoamme kattavia ratkaisuja monenlaisiin rakennushankkeisiin. Kokeneet ammattilaisemme voivat auttaa sinua rakennusprosessin kaikissa vaiheissa, suunnittelusta lopulliseen rakentamiseen ja viimeistelyyn. Tarjoamme monenlaisia palveluja, kuten talonrakentamista, kunnostusta, julkisivut\u00f6it\u00e4, kattojen uusimista ja paljon muuta.\",\"breadcrumb\":{\"@id\":\"https:\/\/tooros.ee\/fi\/rakennuspalvelut\/#breadcrumb\"},\"inLanguage\":\"fi\",\"potentialAction\":[{\"@type\":\"ReadAction\",\"target\":[\"https:\/\/tooros.ee\/fi\/rakennuspalvelut\/\"]}]},{\"@type\":\"BreadcrumbList\",\"@id\":\"https:\/\/tooros.ee\/fi\/rakennuspalvelut\/#breadcrumb\",\"itemListElement\":[{\"@type\":\"ListItem\",\"position\":1,\"name\":\"Home\",\"item\":\"https:\/\/tooros.ee\/fi\/kotisivu\/\"},{\"@type\":\"ListItem\",\"position\":2,\"name\":\"Rakennuspalvelut\"}]},{\"@type\":\"WebSite\",\"@id\":\"https:\/\/tooros.ee\/fi\/#website\",\"url\":\"https:\/\/tooros.ee\/fi\/\",\"name\":\"Tooros\",\"description\":\"\",\"publisher\":{\"@id\":\"https:\/\/tooros.ee\/fi\/#organization\"},\"potentialAction\":[{\"@type\":\"SearchAction\",\"target\":{\"@type\":\"EntryPoint\",\"urlTemplate\":\"https:\/\/tooros.ee\/fi\/?s={search_term_string}\"},\"query-input\":{\"@type\":\"PropertyValueSpecification\",\"valueRequired\":true,\"valueName\":\"search_term_string\"}}],\"inLanguage\":\"fi\"},{\"@type\":\"Organization\",\"@id\":\"https:\/\/tooros.ee\/fi\/#organization\",\"name\":\"Tooros\",\"url\":\"https:\/\/tooros.ee\/fi\/\",\"logo\":{\"@type\":\"ImageObject\",\"inLanguage\":\"fi\",\"@id\":\"https:\/\/tooros.ee\/fi\/#\/schema\/logo\/image\/\",\"url\":\"https:\/\/tooros.ee\/wp-content\/uploads\/2024\/08\/Tooros-suurem-labipaistev.png\",\"contentUrl\":\"https:\/\/tooros.ee\/wp-content\/uploads\/2024\/08\/Tooros-suurem-labipaistev.png\",\"width\":1920,\"height\":401,\"caption\":\"Tooros\"},\"image\":{\"@id\":\"https:\/\/tooros.ee\/fi\/#\/schema\/logo\/image\/\"}}]}<\/script>\n<!-- \/ Yoast SEO plugin. -->","yoast_head_json":{"title":"Rakennuspalvelut - Tooros","description":"Tarjoamme kattavia ratkaisuja monenlaisiin rakennushankkeisiin. Kokeneet ammattilaisemme voivat auttaa sinua rakennusprosessin kaikissa vaiheissa, suunnittelusta lopulliseen rakentamiseen ja viimeistelyyn. Tarjoamme monenlaisia palveluja, kuten talonrakentamista, kunnostusta, julkisivut\u00f6it\u00e4, kattojen uusimista ja paljon muuta.","robots":{"index":"index","follow":"follow","max-snippet":"max-snippet:-1","max-image-preview":"max-image-preview:large","max-video-preview":"max-video-preview:-1"},"canonical":"https:\/\/tooros.ee\/fi\/rakennuspalvelut\/","og_locale":"fi_FI","og_type":"article","og_title":"Rakennuspalvelut - Tooros","og_description":"Tarjoamme kattavia ratkaisuja monenlaisiin rakennushankkeisiin. Kokeneet ammattilaisemme voivat auttaa sinua rakennusprosessin kaikissa vaiheissa, suunnittelusta lopulliseen rakentamiseen ja viimeistelyyn. Tarjoamme monenlaisia palveluja, kuten talonrakentamista, kunnostusta, julkisivut\u00f6it\u00e4, kattojen uusimista ja paljon muuta.","og_url":"https:\/\/tooros.ee\/fi\/rakennuspalvelut\/","og_site_name":"Tooros","article_modified_time":"2025-01-30T10:36:32+00:00","og_image":[{"width":512,"height":512,"url":"https:\/\/tooros.ee\/wp-content\/uploads\/2024\/10\/android-chrome-512x512-1.png","type":"image\/png"}],"twitter_card":"summary_large_image","schema":{"@context":"https:\/\/schema.org","@graph":[{"@type":"WebPage","@id":"https:\/\/tooros.ee\/fi\/rakennuspalvelut\/","url":"https:\/\/tooros.ee\/fi\/rakennuspalvelut\/","name":"Rakennuspalvelut - Tooros","isPartOf":{"@id":"https:\/\/tooros.ee\/fi\/#website"},"datePublished":"2024-08-06T10:50:25+00:00","dateModified":"2025-01-30T10:36:32+00:00","description":"Tarjoamme kattavia ratkaisuja monenlaisiin rakennushankkeisiin. Kokeneet ammattilaisemme voivat auttaa sinua rakennusprosessin kaikissa vaiheissa, suunnittelusta lopulliseen rakentamiseen ja viimeistelyyn. Tarjoamme monenlaisia palveluja, kuten talonrakentamista, kunnostusta, julkisivut\u00f6it\u00e4, kattojen uusimista ja paljon muuta.","breadcrumb":{"@id":"https:\/\/tooros.ee\/fi\/rakennuspalvelut\/#breadcrumb"},"inLanguage":"fi","potentialAction":[{"@type":"ReadAction","target":["https:\/\/tooros.ee\/fi\/rakennuspalvelut\/"]}]},{"@type":"BreadcrumbList","@id":"https:\/\/tooros.ee\/fi\/rakennuspalvelut\/#breadcrumb","itemListElement":[{"@type":"ListItem","position":1,"name":"Home","item":"https:\/\/tooros.ee\/fi\/kotisivu\/"},{"@type":"ListItem","position":2,"name":"Rakennuspalvelut"}]},{"@type":"WebSite","@id":"https:\/\/tooros.ee\/fi\/#website","url":"https:\/\/tooros.ee\/fi\/","name":"Tooros","description":"","publisher":{"@id":"https:\/\/tooros.ee\/fi\/#organization"},"potentialAction":[{"@type":"SearchAction","target":{"@type":"EntryPoint","urlTemplate":"https:\/\/tooros.ee\/fi\/?s={search_term_string}"},"query-input":{"@type":"PropertyValueSpecification","valueRequired":true,"valueName":"search_term_string"}}],"inLanguage":"fi"},{"@type":"Organization","@id":"https:\/\/tooros.ee\/fi\/#organization","name":"Tooros","url":"https:\/\/tooros.ee\/fi\/","logo":{"@type":"ImageObject","inLanguage":"fi","@id":"https:\/\/tooros.ee\/fi\/#\/schema\/logo\/image\/","url":"https:\/\/tooros.ee\/wp-content\/uploads\/2024\/08\/Tooros-suurem-labipaistev.png","contentUrl":"https:\/\/tooros.ee\/wp-content\/uploads\/2024\/08\/Tooros-suurem-labipaistev.png","width":1920,"height":401,"caption":"Tooros"},"image":{"@id":"https:\/\/tooros.ee\/fi\/#\/schema\/logo\/image\/"}}]}},"_links":{"self":[{"href":"https:\/\/tooros.ee\/fi\/wp-json\/wp\/v2\/pages\/495","targetHints":{"allow":["GET"]}}],"collection":[{"href":"https:\/\/tooros.ee\/fi\/wp-json\/wp\/v2\/pages"}],"about":[{"href":"https:\/\/tooros.ee\/fi\/wp-json\/wp\/v2\/types\/page"}],"author":[{"embeddable":true,"href":"https:\/\/tooros.ee\/fi\/wp-json\/wp\/v2\/users\/1"}],"replies":[{"embeddable":true,"href":"https:\/\/tooros.ee\/fi\/wp-json\/wp\/v2\/comments?post=495"}],"version-history":[{"count":2,"href":"https:\/\/tooros.ee\/fi\/wp-json\/wp\/v2\/pages\/495\/revisions"}],"predecessor-version":[{"id":724,"href":"https:\/\/tooros.ee\/fi\/wp-json\/wp\/v2\/pages\/495\/revisions\/724"}],"wp:attachment":[{"href":"https:\/\/tooros.ee\/fi\/wp-json\/wp\/v2\/media?parent=495"}],"curies":[{"name":"wp","href":"https:\/\/api.w.org\/{rel}","templated":true}]}}